{"id":23,"date":"2020-12-08T03:53:49","date_gmt":"2020-12-08T03:53:49","guid":{"rendered":"https:\/\/www.gavias-theme.com\/wp\/kitecx\/?page_id=23"},"modified":"2022-01-31T13:59:42","modified_gmt":"2022-01-31T13:59:42","slug":"gallery","status":"publish","type":"page","link":"https:\/\/sitionuevo.ingse.com.py\/index.php\/gallery\/","title":{"rendered":"Galeria"},"content":{"rendered":"\t\t<div data-elementor-type=\"wp-page\" data-elementor-id=\"23\" class=\"elementor elementor-23\" data-elementor-settings=\"[]\">\n\t\t\t\t\t\t\t<div class=\"elementor-section-wrap\">\n\t\t\t\t\t\t\t<section class=\"elementor-section elementor-top-section elementor-element elementor-element-7e9c1af9 elementor-section-boxed elementor-section-height-default elementor-section-height-default row-top\" data-id=\"7e9c1af9\" data-element_type=\"section\">\n\t\t\t\t\t\t<div class=\"elementor-container elementor-column-gap-default\">\n\t\t\t\t\t<div class=\"elementor-column elementor-col-100 elementor-top-column elementor-element elementor-element-27c9e840 column-style-top\" data-id=\"27c9e840\" data-element_type=\"column\">\n\t\t\t<div class=\"elementor-widget-wrap elementor-element-populated\">\n\t\t\t\t\t\t\t\t<div class=\"elementor-element elementor-element-63700fe5 elementor-widget elementor-widget-gva-gallery\" data-id=\"63700fe5\" data-element_type=\"widget\" data-widget_type=\"gva-gallery.default\">\n\t\t\t\t<div class=\"elementor-widget-container\">\n\t\t\t<div class=\"gva-element-gva-gallery gva-element\">  \r\n  \t<div class=\"gva-gallery-grid clearfix\">\r\n\t\t<div class=\"gva-content-items\"> \r\n\t\t  \t<div class=\"lg-block-grid-3 md-block-grid-3 sm-block-grid-2 xs-block-grid-1 xx-block-grid-1\">\r\n\t\t\t \t<div class=\"item\">\r\n<div class=\"gallery-item\">\r\n\r\n               <div class=\"image\">\r\n            <img src=\"https:\/\/sitionuevo.ingse.com.py\/wp-content\/uploads\/2022\/01\/TORRE-SECADERO-264x300-1.png\" alt=\"Torre para Secadero\" \/>  \r\n         <\/div>\r\n         <a class=\"photo-gallery\" href=\"http:\/\/sitionuevo.ingse.com.py\/wp-content\/uploads\/2022\/01\/TORRE-SECADERO-264x300-1.png\" data-elementor-lightbox-slideshow=\"gallery-4vub\"><\/a>\r\n      \r\n      <div class=\"image-content\">\r\n         <div class=\"content-inner\">\r\n                           <h3 class=\"title\">Torre para Secadero<\/h3>\r\n                                       <div class=\"sub-title\">C\u00e1lculo Estructural<\/div>\r\n                     <\/div>   \r\n      <\/div>\r\n\r\n   <\/div>\r\n<\/div><div class=\"item\">\r\n<div class=\"gallery-item\">\r\n\r\n               <div class=\"image\">\r\n            <img src=\"https:\/\/sitionuevo.ingse.com.py\/wp-content\/uploads\/2022\/01\/TOLVA-CONCEPCION-300x200-1.jpg\" alt=\"Tolva Descarga de Granos Balden S.A.\" \/>  \r\n         <\/div>\r\n         <a class=\"photo-gallery\" href=\"http:\/\/sitionuevo.ingse.com.py\/wp-content\/uploads\/2022\/01\/TOLVA-CONCEPCION-300x200-1.jpg\" data-elementor-lightbox-slideshow=\"gallery-4vub\"><\/a>\r\n      \r\n      <div class=\"image-content\">\r\n         <div class=\"content-inner\">\r\n                           <h3 class=\"title\">Tolva Descarga de Granos Balden S.A.<\/h3>\r\n                                       <div class=\"sub-title\">C\u00e1lculo Estructural<\/div>\r\n                     <\/div>   \r\n      <\/div>\r\n\r\n   <\/div>\r\n<\/div><div class=\"item\">\r\n<div class=\"gallery-item\">\r\n\r\n               <div class=\"image\">\r\n            <img src=\"https:\/\/sitionuevo.ingse.com.py\/wp-content\/uploads\/2022\/01\/PUENTE-PEATONAL-NEMBY-1024x877-1-300x257-1.jpeg\" alt=\"Puente Met\u00e1lico Peatonal\" \/>  \r\n         <\/div>\r\n         <a class=\"photo-gallery\" href=\"http:\/\/sitionuevo.ingse.com.py\/wp-content\/uploads\/2022\/01\/PUENTE-PEATONAL-NEMBY-1024x877-1-300x257-1.jpeg\" data-elementor-lightbox-slideshow=\"gallery-4vub\"><\/a>\r\n      \r\n      <div class=\"image-content\">\r\n         <div class=\"content-inner\">\r\n                           <h3 class=\"title\">Puente Met\u00e1lico Peatonal<\/h3>\r\n                                       <div class=\"sub-title\">C\u00e1lculo Estructural<\/div>\r\n                     <\/div>   \r\n      <\/div>\r\n\r\n   <\/div>\r\n<\/div><div class=\"item\">\r\n<div class=\"gallery-item\">\r\n\r\n               <div class=\"image\">\r\n            <img src=\"https:\/\/sitionuevo.ingse.com.py\/wp-content\/uploads\/2022\/01\/POLIDEPORTIVO-COLEGIO-FRANCES-942x1024-1-276x300-1.jpeg\" alt=\"Polideportivo Colegio Franc\u00e9s\" \/>  \r\n         <\/div>\r\n         <a class=\"photo-gallery\" href=\"http:\/\/sitionuevo.ingse.com.py\/wp-content\/uploads\/2022\/01\/POLIDEPORTIVO-COLEGIO-FRANCES-942x1024-1-276x300-1.jpeg\" data-elementor-lightbox-slideshow=\"gallery-4vub\"><\/a>\r\n      \r\n      <div class=\"image-content\">\r\n         <div class=\"content-inner\">\r\n                           <h3 class=\"title\">Polideportivo Colegio Franc\u00e9s<\/h3>\r\n                                       <div class=\"sub-title\">C\u00e1lculo Estructural<\/div>\r\n                     <\/div>   \r\n      <\/div>\r\n\r\n   <\/div>\r\n<\/div><div class=\"item\">\r\n<div class=\"gallery-item\">\r\n\r\n               <div class=\"image\">\r\n            <img src=\"https:\/\/sitionuevo.ingse.com.py\/wp-content\/uploads\/2022\/01\/2017-2-BETA-1024x768-1-300x225-1.jpg\" alt=\"Nave Industrial 2Beta\" \/>  \r\n         <\/div>\r\n         <a class=\"photo-gallery\" href=\"http:\/\/sitionuevo.ingse.com.py\/wp-content\/uploads\/2022\/01\/2017-2-BETA-1024x768-1-300x225-1.jpg\" data-elementor-lightbox-slideshow=\"gallery-4vub\"><\/a>\r\n      \r\n      <div class=\"image-content\">\r\n         <div class=\"content-inner\">\r\n                           <h3 class=\"title\">Nave Industrial 2Beta<\/h3>\r\n                                       <div class=\"sub-title\">C\u00e1lculo Estructural <\/div>\r\n                     <\/div>   \r\n      <\/div>\r\n\r\n   <\/div>\r\n<\/div><div class=\"item\">\r\n<div class=\"gallery-item\">\r\n\r\n               <div class=\"image\">\r\n            <img src=\"https:\/\/sitionuevo.ingse.com.py\/wp-content\/uploads\/2022\/01\/COBERTURA-ESTACIONAMIENTO-1-1024x756-1-300x221-1.jpeg\" alt=\"Cobertura Met\u00e1lica Garage\" \/>  \r\n         <\/div>\r\n         <a class=\"photo-gallery\" href=\"http:\/\/sitionuevo.ingse.com.py\/wp-content\/uploads\/2022\/01\/COBERTURA-ESTACIONAMIENTO-1-1024x756-1-300x221-1.jpeg\" data-elementor-lightbox-slideshow=\"gallery-4vub\"><\/a>\r\n      \r\n      <div class=\"image-content\">\r\n         <div class=\"content-inner\">\r\n                           <h3 class=\"title\">Cobertura Met\u00e1lica Garage<\/h3>\r\n                                       <div class=\"sub-title\">C\u00e1lculo Estructural <\/div>\r\n                     <\/div>   \r\n      <\/div>\r\n\r\n   <\/div>\r\n<\/div>\t\t  \t<\/div>\r\n\t\t<\/div>\r\n  \t<\/div>\r\n<\/div>\t\t<\/div>\n\t\t\t\t<\/div>\n\t\t\t\t\t<\/div>\n\t\t<\/div>\n\t\t\t\t\t\t\t<\/div>\n\t\t<\/section>\n\t\t\t\t\t\t<\/div>\n\t\t\t\t\t<\/div>\n\t\t","protected":false},"excerpt":{"rendered":"<p>Torre para Secadero C\u00e1lculo Estructural Tolva Descarga de Granos Balden S.A. C\u00e1lculo Estructural Puente Met\u00e1lico Peatonal C\u00e1lculo Estructural Polideportivo Colegio Franc\u00e9s C\u00e1lculo Estructural Nave Industrial 2Beta C\u00e1lculo Estructural Cobertura Met\u00e1lica [&hellip;]<\/p>\n","protected":false},"author":1,"featured_media":0,"parent":0,"menu_order":0,"comment_status":"closed","ping_status":"closed","template":"","meta":[],"_links":{"self":[{"href":"https:\/\/sitionuevo.ingse.com.py\/index.php\/wp-json\/wp\/v2\/pages\/23"}],"collection":[{"href":"https:\/\/sitionuevo.ingse.com.py\/index.php\/wp-json\/wp\/v2\/pages"}],"about":[{"href":"https:\/\/sitionuevo.ingse.com.py\/index.php\/wp-json\/wp\/v2\/types\/page"}],"author":[{"embeddable":true,"href":"https:\/\/sitionuevo.ingse.com.py\/index.php\/wp-json\/wp\/v2\/users\/1"}],"replies":[{"embeddable":true,"href":"https:\/\/sitionuevo.ingse.com.py\/index.php\/wp-json\/wp\/v2\/comments?post=23"}],"version-history":[{"count":16,"href":"https:\/\/sitionuevo.ingse.com.py\/index.php\/wp-json\/wp\/v2\/pages\/23\/revisions"}],"predecessor-version":[{"id":1018,"href":"https:\/\/sitionuevo.ingse.com.py\/index.php\/wp-json\/wp\/v2\/pages\/23\/revisions\/1018"}],"wp:attachment":[{"href":"https:\/\/sitionuevo.ingse.com.py\/index.php\/wp-json\/wp\/v2\/media?parent=23"}],"curies":[{"name":"wp","href":"https:\/\/api.w.org\/{rel}","templated":true}]}}